{"id":420,"date":"2024-12-04T23:10:53","date_gmt":"2024-12-04T22:10:53","guid":{"rendered":"https:\/\/efg-hohenahr.de\/www\/?page_id=420"},"modified":"2024-12-05T22:07:08","modified_gmt":"2024-12-05T21:07:08","slug":"gebetskreis","status":"publish","type":"page","link":"https:\/\/efg-hohenahr.de\/www\/gebetskreis\/","title":{"rendered":"Gebetskreis"},"content":{"rendered":"\n<figure class=\"wp-block-pullquote has-background has-small-font-size\" style=\"border-width:11px;border-radius:60px;background-color:#f1efef\"><blockquote><p><strong>Und was ihr bitten werdet in meinem Namen, das will ich tun, <br>auf dass der Vater geehrt werde in dem Sohne.<\/strong><\/p><cite><strong>Johannes 14:13<\/strong><\/cite><\/blockquote><\/figure>\n\n\n\n<hr class=\"wp-block-separator has-alpha-channel-opacity\"\/>\n\n\n\n<p>Die Bedeutung des Gebets erkennen wir daran, dass Jesus Christus w\u00e4hrend seines irdischen Lebens viel und intensiv betete. Weil Jesus wusste, wie wichtig das Gebet ist, hat er es auch seinen Nachfolgern aufs Herz gelegt. Jesus gibt ihnen viele Gebetsverhei\u00dfungen ermutigt sie zum Gebet. Eine dieser Verhei\u00dfungen steht oben. \u00a0<\/p>\n\n\n\n<p>Wir treffen uns mal jeden Dienstag, von 19:00-20:30 Uhr zum Gebet in der Christuskirche und laden dich herzlich dazu ein.\u00a0Wir kommen in die Stille, um unseren Vater im Himmel anzubeten, ihn zu loben und zu preisen. Wir bringen ihm unsere Anliegen und N\u00f6te, die uns pers\u00f6nlich betreffen, wir beten f\u00fcr unsere Gemeinde, die\u00a0 Gemeindearbeit, wir beten f\u00fcr die Kranken\u00a0und unseren Ort.\u00a0Wir freuen uns \u00fcber jeden\/e, der\/die Interesse an unserem Gebetskreis hat.<\/p>\n\n\n\n<hr class=\"wp-block-separator has-alpha-channel-opacity\"\/>\n\n\n\n<h2 class=\"wp-block-heading\">Gebetsanliegen oder Fragen?<\/h2>\n\n\n<div class=\"wpforms-container wpforms-container-full wpforms-block wpforms-block-b974d829-8090-4d74-814f-5901c80b035d wpforms-render-modern\" id=\"wpforms-634\"><form id=\"wpforms-form-634\" class=\"wpforms-validate wpforms-form wpforms-ajax-form\" data-formid=\"634\" method=\"post\" enctype=\"multipart\/form-data\" action=\"\/www\/wp-json\/wp\/v2\/pages\/420\" data-token=\"7cf1240b6503373e5d06ac086d1ace6e\" data-token-time=\"1777970314\"><noscript class=\"wpforms-error-noscript\">Bitte aktiviere JavaScript in deinem Browser, um dieses Formular fertigzustellen.<\/noscript><div id=\"wpforms-error-noscript\" style=\"display: none;\">Bitte aktiviere JavaScript in deinem Browser, um dieses Formular fertigzustellen.<\/div><div class=\"wpforms-field-container\"><div id=\"wpforms-634-field_1-container\" class=\"wpforms-field wpforms-field-name\" data-field-id=\"1\"><fieldset><legend class=\"wpforms-field-label\">Name <span class=\"wpforms-required-label\" aria-hidden=\"true\">*<\/span><\/legend><div class=\"wpforms-field-row wpforms-field-medium\"><div class=\"wpforms-field-row-block wpforms-first wpforms-one-half\"><input type=\"text\" id=\"wpforms-634-field_1\" class=\"wpforms-field-name-first wpforms-field-required\" name=\"wpforms[fields][1][first]\" aria-errormessage=\"wpforms-634-field_1-error\" required><label for=\"wpforms-634-field_1\" class=\"wpforms-field-sublabel after\">Vorname<\/label><\/div><div class=\"wpforms-field-row-block wpforms-one-half\"><input type=\"text\" id=\"wpforms-634-field_1-last\" class=\"wpforms-field-name-last wpforms-field-required\" name=\"wpforms[fields][1][last]\" aria-errormessage=\"wpforms-634-field_1-last-error\" required><label for=\"wpforms-634-field_1-last\" class=\"wpforms-field-sublabel after\">Nachname<\/label><\/div><\/div><\/fieldset><\/div><div id=\"wpforms-634-field_2-container\" class=\"wpforms-field wpforms-field-email\" data-field-id=\"2\"><label class=\"wpforms-field-label\" for=\"wpforms-634-field_2\">E-Mail-Adresse <span class=\"wpforms-required-label\" aria-hidden=\"true\">*<\/span><\/label><input type=\"email\" id=\"wpforms-634-field_2\" class=\"wpforms-field-medium wpforms-field-required\" name=\"wpforms[fields][2]\" spellcheck=\"false\" aria-errormessage=\"wpforms-634-field_2-error\" required><\/div>\t\t<div id=\"wpforms-634-field_4-container\"\n\t\t\tclass=\"wpforms-field wpforms-field-text\"\n\t\t\tdata-field-type=\"text\"\n\t\t\tdata-field-id=\"4\"\n\t\t\t>\n\t\t\t<label class=\"wpforms-field-label\" for=\"wpforms-634-field_4\" >E-Mail-Adresse Name Nachricht<\/label>\n\t\t\t<input type=\"text\" id=\"wpforms-634-field_4\" class=\"wpforms-field-medium\" name=\"wpforms[fields][4]\" >\n\t\t<\/div>\n\t\t<div id=\"wpforms-634-field_3-container\" class=\"wpforms-field wpforms-field-textarea\" data-field-id=\"3\"><label class=\"wpforms-field-label\" for=\"wpforms-634-field_3\">Kommentar oder Nachricht<\/label><textarea id=\"wpforms-634-field_3\" class=\"wpforms-field-medium\" name=\"wpforms[fields][3]\" aria-errormessage=\"wpforms-634-field_3-error\" ><\/textarea><\/div><script>\n\t\t\t\t( function() {\n\t\t\t\t\tconst style = document.createElement( 'style' );\n\t\t\t\t\tstyle.appendChild( document.createTextNode( '#wpforms-634-field_4-container { position: absolute !important; overflow: hidden !important; display: inline !important; height: 1px !important; width: 1px !important; z-index: -1000 !important; padding: 0 !important; } #wpforms-634-field_4-container input { visibility: hidden; } #wpforms-conversational-form-page #wpforms-634-field_4-container label { counter-increment: none; }' ) );\n\t\t\t\t\tdocument.head.appendChild( style );\n\t\t\t\t\tdocument.currentScript?.remove();\n\t\t\t\t} )();\n\t\t\t<\/script><\/div><!-- .wpforms-field-container --><div class=\"wpforms-recaptcha-container wpforms-is-recaptcha wpforms-is-recaptcha-type-v2\" ><div class=\"g-recaptcha\" data-sitekey=\"6LeSo5MqAAAAABdxeFHsY9y4SMJkOjF3RYUkLc4-\"><\/div><input type=\"text\" name=\"g-recaptcha-hidden\" class=\"wpforms-recaptcha-hidden\" style=\"position:absolute!important;clip:rect(0,0,0,0)!important;height:1px!important;width:1px!important;border:0!important;overflow:hidden!important;padding:0!important;margin:0!important;\" data-rule-recaptcha=\"1\"><\/div><div class=\"wpforms-submit-container\" ><input type=\"hidden\" name=\"wpforms[id]\" value=\"634\"><input type=\"hidden\" name=\"page_title\" value=\"\"><input type=\"hidden\" name=\"page_url\" value=\"https:\/\/efg-hohenahr.de\/www\/wp-json\/wp\/v2\/pages\/420\"><input type=\"hidden\" name=\"url_referer\" value=\"\"><button type=\"submit\" name=\"wpforms[submit]\" id=\"wpforms-submit-634\" class=\"wpforms-submit\" data-alt-text=\"Wird gesendet\u00a0\u2026\" data-submit-text=\"Absenden\" aria-live=\"assertive\" value=\"wpforms-submit\">Absenden<\/button><img loading=\"lazy\" decoding=\"async\" src=\"https:\/\/efg-hohenahr.de\/www\/wp-content\/plugins\/wpforms-lite\/assets\/images\/submit-spin.svg\" class=\"wpforms-submit-spinner\" style=\"display: none;\" width=\"26\" height=\"26\" alt=\"Wird geladen\"><\/div><\/form><\/div>  <!-- .wpforms-container -->","protected":false},"excerpt":{"rendered":"<p>Und was ihr bitten werdet in meinem Namen, das will ich tun, auf dass der Vater geehrt werde in dem Sohne. Johannes 14:13 Die Bedeutung des Gebets erkennen wir daran, dass Jesus Christus w\u00e4hrend seines irdischen Lebens viel und intensiv betete. Weil Jesus wusste, wie wichtig das Gebet ist, hat [&hellip;]<\/p>\n","protected":false},"author":1,"featured_media":0,"parent":0,"menu_order":0,"comment_status":"closed","ping_status":"closed","template":"","meta":{"_themeisle_gutenberg_block_has_review":false,"footnotes":""},"class_list":["post-420","page","type-page","status-publish","hentry"],"_links":{"self":[{"href":"https:\/\/efg-hohenahr.de\/www\/wp-json\/wp\/v2\/pages\/420","targetHints":{"allow":["GET"]}}],"collection":[{"href":"https:\/\/efg-hohenahr.de\/www\/wp-json\/wp\/v2\/pages"}],"about":[{"href":"https:\/\/efg-hohenahr.de\/www\/wp-json\/wp\/v2\/types\/page"}],"author":[{"embeddable":true,"href":"https:\/\/efg-hohenahr.de\/www\/wp-json\/wp\/v2\/users\/1"}],"replies":[{"embeddable":true,"href":"https:\/\/efg-hohenahr.de\/www\/wp-json\/wp\/v2\/comments?post=420"}],"version-history":[{"count":0,"href":"https:\/\/efg-hohenahr.de\/www\/wp-json\/wp\/v2\/pages\/420\/revisions"}],"wp:attachment":[{"href":"https:\/\/efg-hohenahr.de\/www\/wp-json\/wp\/v2\/media?parent=420"}],"curies":[{"name":"wp","href":"https:\/\/api.w.org\/{rel}","templated":true}]}}