{"id":145,"date":"2024-11-23T22:50:50","date_gmt":"2024-11-23T21:50:50","guid":{"rendered":"https:\/\/efg-hohenahr.de\/www\/?page_id=145"},"modified":"2024-12-06T16:57:05","modified_gmt":"2024-12-06T15:57:05","slug":"biblischer-unterricht","status":"publish","type":"page","link":"https:\/\/efg-hohenahr.de\/www\/biblischer-unterricht\/","title":{"rendered":"Biblischer Unterricht"},"content":{"rendered":"\n<p>Der Biblische Unterricht (BIBU) ist ein Glaubensgrundkurs f\u00fcr Jungen und M\u00e4dchen von 11 bis 13 Jahren. Innerhalb von zwei Jahren nehmen wir die wichtigsten Texte und Themen der Bibel unter die Lupe um einige Geheimnisse zu l\u00fcften. <\/p>\n\n\n\n<p>Ein \u00fcbersichtlicher und nach Themen geordneter Unterrichtsplan er\u00f6ffnet allen Teilnehmern neue Einblicke in Gottes Welt und das Leben. <\/p>\n\n\n\n<hr class=\"wp-block-separator has-alpha-channel-opacity\"\/>\n\n\n\n<p class=\"has-text-align-center\"><strong>Entdecke Gottes Plan und was Jesus Christus Geniales in deinem Leben vorhat!<\/strong><\/p>\n\n\n\n<hr class=\"wp-block-separator has-alpha-channel-opacity\"\/>\n\n\n\n<p class=\"has-white-color has-text-color has-link-color wp-elements-7e4ac651328708ea719ac0894fa30934\">.<\/p>\n\n\n\n<p class=\"has-accent-color has-text-color has-link-color wp-elements-2ca5215ee75ea64c06d8b929e82dfa21\"><strong>Die BIBU-Leiter stehen dir bei Fragen unterst\u00fctzend zur Verf\u00fcgung:<\/strong><\/p>\n\n\n\n<p><\/p>\n\n\n<div class=\"wpforms-container wpforms-container-full wpforms-block wpforms-block-0c123df6-1a9e-4415-909b-6c5daa52ee7d wpforms-render-modern\" id=\"wpforms-653\"><form id=\"wpforms-form-653\" class=\"wpforms-validate wpforms-form wpforms-ajax-form\" data-formid=\"653\" method=\"post\" enctype=\"multipart\/form-data\" action=\"\/www\/wp-json\/wp\/v2\/pages\/145\" data-token=\"a45aa773e53de3a6787e233c80da0a19\" data-token-time=\"1777662470\"><noscript class=\"wpforms-error-noscript\">Bitte aktiviere JavaScript in deinem Browser, um dieses Formular fertigzustellen.<\/noscript><div id=\"wpforms-error-noscript\" style=\"display: none;\">Bitte aktiviere JavaScript in deinem Browser, um dieses Formular fertigzustellen.<\/div><div class=\"wpforms-field-container\">\t\t<div id=\"wpforms-653-field_4-container\"\n\t\t\tclass=\"wpforms-field wpforms-field-text\"\n\t\t\tdata-field-type=\"text\"\n\t\t\tdata-field-id=\"4\"\n\t\t\t>\n\t\t\t<label class=\"wpforms-field-label\" for=\"wpforms-653-field_4\" >Kommentar oder E-Mail-Adresse<\/label>\n\t\t\t<input type=\"text\" id=\"wpforms-653-field_4\" class=\"wpforms-field-medium\" name=\"wpforms[fields][4]\" >\n\t\t<\/div>\n\t\t<div id=\"wpforms-653-field_1-container\" class=\"wpforms-field wpforms-field-name\" data-field-id=\"1\"><fieldset><legend class=\"wpforms-field-label\">Name <span class=\"wpforms-required-label\" aria-hidden=\"true\">*<\/span><\/legend><div class=\"wpforms-field-row wpforms-field-medium\"><div class=\"wpforms-field-row-block wpforms-first wpforms-one-half\"><input type=\"text\" id=\"wpforms-653-field_1\" class=\"wpforms-field-name-first wpforms-field-required\" name=\"wpforms[fields][1][first]\" aria-errormessage=\"wpforms-653-field_1-error\" required><label for=\"wpforms-653-field_1\" class=\"wpforms-field-sublabel after\">Vorname<\/label><\/div><div class=\"wpforms-field-row-block wpforms-one-half\"><input type=\"text\" id=\"wpforms-653-field_1-last\" class=\"wpforms-field-name-last wpforms-field-required\" name=\"wpforms[fields][1][last]\" aria-errormessage=\"wpforms-653-field_1-last-error\" required><label for=\"wpforms-653-field_1-last\" class=\"wpforms-field-sublabel after\">Nachname<\/label><\/div><\/div><\/fieldset><\/div><div id=\"wpforms-653-field_2-container\" class=\"wpforms-field wpforms-field-email\" data-field-id=\"2\"><label class=\"wpforms-field-label\" for=\"wpforms-653-field_2\">E-Mail-Adresse <span class=\"wpforms-required-label\" aria-hidden=\"true\">*<\/span><\/label><input type=\"email\" id=\"wpforms-653-field_2\" class=\"wpforms-field-medium wpforms-field-required\" name=\"wpforms[fields][2]\" spellcheck=\"false\" aria-errormessage=\"wpforms-653-field_2-error\" required><\/div><div id=\"wpforms-653-field_3-container\" class=\"wpforms-field wpforms-field-textarea\" data-field-id=\"3\"><label class=\"wpforms-field-label\" for=\"wpforms-653-field_3\">Kommentar oder Nachricht<\/label><textarea id=\"wpforms-653-field_3\" class=\"wpforms-field-medium\" name=\"wpforms[fields][3]\" aria-errormessage=\"wpforms-653-field_3-error\" ><\/textarea><\/div><script>\n\t\t\t\t( function() {\n\t\t\t\t\tconst style = document.createElement( 'style' );\n\t\t\t\t\tstyle.appendChild( document.createTextNode( '#wpforms-653-field_4-container { position: absolute !important; overflow: hidden !important; display: inline !important; height: 1px !important; width: 1px !important; z-index: -1000 !important; padding: 0 !important; } #wpforms-653-field_4-container input { visibility: hidden; } #wpforms-conversational-form-page #wpforms-653-field_4-container label { counter-increment: none; }' ) );\n\t\t\t\t\tdocument.head.appendChild( style );\n\t\t\t\t\tdocument.currentScript?.remove();\n\t\t\t\t} )();\n\t\t\t<\/script><\/div><!-- .wpforms-field-container --><div class=\"wpforms-recaptcha-container wpforms-is-recaptcha wpforms-is-recaptcha-type-v2\" ><div class=\"g-recaptcha\" data-sitekey=\"6LeSo5MqAAAAABdxeFHsY9y4SMJkOjF3RYUkLc4-\"><\/div><input type=\"text\" name=\"g-recaptcha-hidden\" class=\"wpforms-recaptcha-hidden\" style=\"position:absolute!important;clip:rect(0,0,0,0)!important;height:1px!important;width:1px!important;border:0!important;overflow:hidden!important;padding:0!important;margin:0!important;\" data-rule-recaptcha=\"1\"><\/div><div class=\"wpforms-submit-container\" ><input type=\"hidden\" name=\"wpforms[id]\" value=\"653\"><input type=\"hidden\" name=\"page_title\" value=\"\"><input type=\"hidden\" name=\"page_url\" value=\"https:\/\/efg-hohenahr.de\/www\/wp-json\/wp\/v2\/pages\/145\"><input type=\"hidden\" name=\"url_referer\" value=\"\"><button type=\"submit\" name=\"wpforms[submit]\" id=\"wpforms-submit-653\" class=\"wpforms-submit\" data-alt-text=\"Wird gesendet\u00a0\u2026\" data-submit-text=\"Absenden\" aria-live=\"assertive\" value=\"wpforms-submit\">Absenden<\/button><img loading=\"lazy\" decoding=\"async\" src=\"https:\/\/efg-hohenahr.de\/www\/wp-content\/plugins\/wpforms-lite\/assets\/images\/submit-spin.svg\" class=\"wpforms-submit-spinner\" style=\"display: none;\" width=\"26\" height=\"26\" alt=\"Wird geladen\"><\/div><\/form><\/div>  <!-- .wpforms-container -->","protected":false},"excerpt":{"rendered":"<p>Der Biblische Unterricht (BIBU) ist ein Glaubensgrundkurs f\u00fcr Jungen und M\u00e4dchen von 11 bis 13 Jahren. Innerhalb von zwei Jahren nehmen wir die wichtigsten Texte und Themen der Bibel unter die Lupe um einige Geheimnisse zu l\u00fcften. Ein \u00fcbersichtlicher und nach Themen geordneter Unterrichtsplan er\u00f6ffnet allen Teilnehmern neue Einblicke in [&hellip;]<\/p>\n","protected":false},"author":1,"featured_media":0,"parent":0,"menu_order":0,"comment_status":"closed","ping_status":"closed","template":"","meta":{"_themeisle_gutenberg_block_has_review":false,"footnotes":""},"class_list":["post-145","page","type-page","status-publish","hentry"],"_links":{"self":[{"href":"https:\/\/efg-hohenahr.de\/www\/wp-json\/wp\/v2\/pages\/145","targetHints":{"allow":["GET"]}}],"collection":[{"href":"https:\/\/efg-hohenahr.de\/www\/wp-json\/wp\/v2\/pages"}],"about":[{"href":"https:\/\/efg-hohenahr.de\/www\/wp-json\/wp\/v2\/types\/page"}],"author":[{"embeddable":true,"href":"https:\/\/efg-hohenahr.de\/www\/wp-json\/wp\/v2\/users\/1"}],"replies":[{"embeddable":true,"href":"https:\/\/efg-hohenahr.de\/www\/wp-json\/wp\/v2\/comments?post=145"}],"version-history":[{"count":8,"href":"https:\/\/efg-hohenahr.de\/www\/wp-json\/wp\/v2\/pages\/145\/revisions"}],"predecessor-version":[{"id":753,"href":"https:\/\/efg-hohenahr.de\/www\/wp-json\/wp\/v2\/pages\/145\/revisions\/753"}],"wp:attachment":[{"href":"https:\/\/efg-hohenahr.de\/www\/wp-json\/wp\/v2\/media?parent=145"}],"curies":[{"name":"wp","href":"https:\/\/api.w.org\/{rel}","templated":true}]}}