{"id":135,"date":"2024-11-23T22:23:50","date_gmt":"2024-11-23T21:23:50","guid":{"rendered":"https:\/\/efg-hohenahr.de\/www\/?page_id=135"},"modified":"2024-12-06T00:55:45","modified_gmt":"2024-12-05T23:55:45","slug":"seniorenfruehstueck","status":"publish","type":"page","link":"https:\/\/efg-hohenahr.de\/www\/seniorenfruehstueck\/","title":{"rendered":"Seniorenfr\u00fchst\u00fcck"},"content":{"rendered":"\n<div id=\"wp-block-themeisle-blocks-advanced-columns-605c1177\" class=\"wp-block-themeisle-blocks-advanced-columns has-2-columns has-desktop-equal-layout has-tablet-equal-layout has-mobile-collapsedRows-layout has-vertical-unset\"><div class=\"wp-block-themeisle-blocks-advanced-columns-overlay\"><\/div><div class=\"innerblocks-wrap\">\n<div id=\"wp-block-themeisle-blocks-advanced-column-c38a8d6e\" class=\"wp-block-themeisle-blocks-advanced-column\">\n<p><strong>Seniorenfr\u00fchst\u00fcck<\/strong> &#8211;<\/p>\n\n\n\n<p>kein klassischer Seniorennachmittag mit Kaffee und Kuchen, sondern mal etwas Neues. Neben des reichhaltigen Fr\u00fchst\u00fccksbuffets kann hier auch der Gespr\u00e4chsbedarf gedeckt werden. Anliegen austauschen, f\u00fcreinander beten und einfach Gemeinschaft haben. F\u00fcr das kommende Jahr sind Termine bereits festgelegt. Zu diesem kulinarischen Abenteuer laden wir Dich herzlich ein!<\/p>\n<\/div>\n\n\n\n<div id=\"wp-block-themeisle-blocks-advanced-column-4a1d2fea\" class=\"wp-block-themeisle-blocks-advanced-column\">\n<figure class=\"wp-block-image size-large\"><img loading=\"lazy\" decoding=\"async\" width=\"1024\" height=\"768\" src=\"https:\/\/efg-hohenahr.de\/www\/wp-content\/uploads\/2024\/12\/WhatsApp-Image-2024-12-05-at-22.30.49-1024x768.jpeg\" alt=\"\" class=\"wp-image-660\" srcset=\"https:\/\/efg-hohenahr.de\/www\/wp-content\/uploads\/2024\/12\/WhatsApp-Image-2024-12-05-at-22.30.49-1024x768.jpeg 1024w, https:\/\/efg-hohenahr.de\/www\/wp-content\/uploads\/2024\/12\/WhatsApp-Image-2024-12-05-at-22.30.49-300x225.jpeg 300w, https:\/\/efg-hohenahr.de\/www\/wp-content\/uploads\/2024\/12\/WhatsApp-Image-2024-12-05-at-22.30.49-768x576.jpeg 768w, https:\/\/efg-hohenahr.de\/www\/wp-content\/uploads\/2024\/12\/WhatsApp-Image-2024-12-05-at-22.30.49-1536x1152.jpeg 1536w, https:\/\/efg-hohenahr.de\/www\/wp-content\/uploads\/2024\/12\/WhatsApp-Image-2024-12-05-at-22.30.49.jpeg 2048w\" sizes=\"auto, (max-width: 1024px) 100vw, 1024px\" \/><\/figure>\n<\/div>\n<\/div><\/div>\n\n\n\n<hr class=\"wp-block-separator has-alpha-channel-opacity\"\/>\n\n\n\n<div class=\"wp-block-group is-layout-grid wp-container-core-group-is-layout-e3bad1e3 wp-block-group-is-layout-grid\">\n<p class=\"has-text-align-center has-text-color has-link-color wp-elements-4814d3ba933b44af1f73b8603b7a76b2\" style=\"color:#371ee8\"><strong>23.01.2025<\/strong><\/p>\n\n\n\n<p class=\"has-text-align-center has-text-color has-link-color wp-elements-f1b4c1762c707850c7a6b271f729b91f\" style=\"color:#371ee8\"><strong>20.02.2025<\/strong><\/p>\n\n\n\n<p class=\"has-text-align-center has-text-color has-link-color wp-elements-66125bb89f1683cf7724121ec1b6d21e wp-container-content-5acd83a7\" style=\"color:#371ee8\"><strong>20.03.2025<\/strong><\/p>\n\n\n\n<p class=\"has-text-align-center has-text-color has-link-color wp-elements-9b7bf41f380958b6f63470429b25e6c1\" style=\"color:#371ee8\"><strong>10.04.2025<\/strong><\/p>\n\n\n\n<p class=\"has-text-align-center has-text-color has-link-color wp-elements-86a15f313d1af660fd23593c21fa94a1\" style=\"color:#371ee8\"><strong>15.05.2025<\/strong><\/p>\n\n\n\n<p class=\"has-text-align-center has-text-color has-link-color wp-elements-65566f162db1c6622ee62b32cc47c40a\" style=\"color:#371ee8\"><strong>26.06.2025<\/strong><\/p>\n\n\n\n<p class=\"has-text-align-center has-text-color has-link-color wp-elements-87131995a0b61f9ce1f26a5046c03a7e\" style=\"color:#371ee8\"><strong>17.07.2025<\/strong><\/p>\n\n\n\n<p class=\"has-text-align-center has-text-color has-link-color wp-elements-2207b15ab9d688e2e0d284a4ed52a2bf\" style=\"color:#371ee8\"><strong>25.09.2025<\/strong><\/p>\n\n\n\n<p class=\"has-text-align-center has-text-color has-link-color wp-elements-179e4b3c59c7382bbedea6b27f0165ba wp-container-content-5acd83a7\" style=\"color:#371ee8\"><strong>16.10.2025<\/strong><\/p>\n\n\n\n<p class=\"has-text-align-center has-text-color has-link-color wp-elements-15f36692088959c8d61800559cb28849\" style=\"color:#371ee8\"><strong>13.11.2025<\/strong><\/p>\n<\/div>\n\n\n\n<hr class=\"wp-block-separator has-alpha-channel-opacity\"\/>\n\n\n\n<p><strong>Deine Anmeldung vereinfacht uns die Planung, aber auch spontan und ohne Anmeldung bist du in unserer Runde immer Willkommen!<\/strong><\/p>\n\n\n<div class=\"wpforms-container wpforms-container-full wpforms-block wpforms-block-897e29e4-d8fd-4626-8045-037028a99272 wpforms-render-modern\" id=\"wpforms-668\"><form id=\"wpforms-form-668\" class=\"wpforms-validate wpforms-form wpforms-ajax-form\" data-formid=\"668\" method=\"post\" enctype=\"multipart\/form-data\" action=\"\/www\/wp-json\/wp\/v2\/pages\/135\" data-token=\"2af73f41358a792f4f039eb6b4762a5e\" data-token-time=\"1777665668\"><noscript class=\"wpforms-error-noscript\">Bitte aktiviere JavaScript in deinem Browser, um dieses Formular fertigzustellen.<\/noscript><div id=\"wpforms-error-noscript\" style=\"display: none;\">Bitte aktiviere JavaScript in deinem Browser, um dieses Formular fertigzustellen.<\/div><div class=\"wpforms-field-container\">\t\t<div id=\"wpforms-668-field_4-container\"\n\t\t\tclass=\"wpforms-field wpforms-field-text\"\n\t\t\tdata-field-type=\"text\"\n\t\t\tdata-field-id=\"4\"\n\t\t\t>\n\t\t\t<label class=\"wpforms-field-label\" for=\"wpforms-668-field_4\" >oder Nachricht E-Mail-Adresse<\/label>\n\t\t\t<input type=\"text\" id=\"wpforms-668-field_4\" class=\"wpforms-field-medium\" name=\"wpforms[fields][4]\" >\n\t\t<\/div>\n\t\t<div id=\"wpforms-668-field_1-container\" class=\"wpforms-field wpforms-field-name\" data-field-id=\"1\"><fieldset><legend class=\"wpforms-field-label\">Name <span class=\"wpforms-required-label\" aria-hidden=\"true\">*<\/span><\/legend><div class=\"wpforms-field-row wpforms-field-medium\"><div class=\"wpforms-field-row-block wpforms-first wpforms-one-half\"><input type=\"text\" id=\"wpforms-668-field_1\" class=\"wpforms-field-name-first wpforms-field-required\" name=\"wpforms[fields][1][first]\" aria-errormessage=\"wpforms-668-field_1-error\" required><label for=\"wpforms-668-field_1\" class=\"wpforms-field-sublabel after\">Vorname<\/label><\/div><div class=\"wpforms-field-row-block wpforms-one-half\"><input type=\"text\" id=\"wpforms-668-field_1-last\" class=\"wpforms-field-name-last wpforms-field-required\" name=\"wpforms[fields][1][last]\" aria-errormessage=\"wpforms-668-field_1-last-error\" required><label for=\"wpforms-668-field_1-last\" class=\"wpforms-field-sublabel after\">Nachname<\/label><\/div><\/div><\/fieldset><\/div><div id=\"wpforms-668-field_2-container\" class=\"wpforms-field wpforms-field-email\" data-field-id=\"2\"><label class=\"wpforms-field-label\" for=\"wpforms-668-field_2\">E-Mail-Adresse <span class=\"wpforms-required-label\" aria-hidden=\"true\">*<\/span><\/label><input type=\"email\" id=\"wpforms-668-field_2\" class=\"wpforms-field-medium wpforms-field-required\" name=\"wpforms[fields][2]\" spellcheck=\"false\" aria-errormessage=\"wpforms-668-field_2-error\" required><\/div><div id=\"wpforms-668-field_3-container\" class=\"wpforms-field wpforms-field-textarea\" data-field-id=\"3\"><label class=\"wpforms-field-label\" for=\"wpforms-668-field_3\">Kommentar oder Nachricht<\/label><textarea id=\"wpforms-668-field_3\" class=\"wpforms-field-medium\" name=\"wpforms[fields][3]\" aria-errormessage=\"wpforms-668-field_3-error\" ><\/textarea><\/div><script>\n\t\t\t\t( function() {\n\t\t\t\t\tconst style = document.createElement( 'style' );\n\t\t\t\t\tstyle.appendChild( document.createTextNode( '#wpforms-668-field_4-container { position: absolute !important; overflow: hidden !important; display: inline !important; height: 1px !important; width: 1px !important; z-index: -1000 !important; padding: 0 !important; } #wpforms-668-field_4-container input { visibility: hidden; } #wpforms-conversational-form-page #wpforms-668-field_4-container label { counter-increment: none; }' ) );\n\t\t\t\t\tdocument.head.appendChild( style );\n\t\t\t\t\tdocument.currentScript?.remove();\n\t\t\t\t} )();\n\t\t\t<\/script><\/div><!-- .wpforms-field-container --><div class=\"wpforms-recaptcha-container wpforms-is-recaptcha wpforms-is-recaptcha-type-v2\" ><div class=\"g-recaptcha\" data-sitekey=\"6LeSo5MqAAAAABdxeFHsY9y4SMJkOjF3RYUkLc4-\"><\/div><input type=\"text\" name=\"g-recaptcha-hidden\" class=\"wpforms-recaptcha-hidden\" style=\"position:absolute!important;clip:rect(0,0,0,0)!important;height:1px!important;width:1px!important;border:0!important;overflow:hidden!important;padding:0!important;margin:0!important;\" data-rule-recaptcha=\"1\"><\/div><div class=\"wpforms-submit-container\" ><input type=\"hidden\" name=\"wpforms[id]\" value=\"668\"><input type=\"hidden\" name=\"page_title\" value=\"\"><input type=\"hidden\" name=\"page_url\" value=\"https:\/\/efg-hohenahr.de\/www\/wp-json\/wp\/v2\/pages\/135\"><input type=\"hidden\" name=\"url_referer\" value=\"\"><button type=\"submit\" name=\"wpforms[submit]\" id=\"wpforms-submit-668\" class=\"wpforms-submit\" data-alt-text=\"Wird gesendet\u00a0\u2026\" data-submit-text=\"Absenden\" aria-live=\"assertive\" value=\"wpforms-submit\">Absenden<\/button><img loading=\"lazy\" decoding=\"async\" src=\"https:\/\/efg-hohenahr.de\/www\/wp-content\/plugins\/wpforms-lite\/assets\/images\/submit-spin.svg\" class=\"wpforms-submit-spinner\" style=\"display: none;\" width=\"26\" height=\"26\" alt=\"Wird geladen\"><\/div><\/form><\/div>  <!-- .wpforms-container -->","protected":false},"excerpt":{"rendered":"<p>23.01.2025 20.02.2025 20.03.2025 10.04.2025 15.05.2025 26.06.2025 17.07.2025 25.09.2025 16.10.2025 13.11.2025 Deine Anmeldung vereinfacht uns die Planung, aber auch spontan und ohne Anmeldung bist du in unserer Runde immer Willkommen!<\/p>\n","protected":false},"author":1,"featured_media":0,"parent":0,"menu_order":0,"comment_status":"closed","ping_status":"closed","template":"","meta":{"_themeisle_gutenberg_block_has_review":false,"footnotes":""},"class_list":["post-135","page","type-page","status-publish","hentry"],"_links":{"self":[{"href":"https:\/\/efg-hohenahr.de\/www\/wp-json\/wp\/v2\/pages\/135","targetHints":{"allow":["GET"]}}],"collection":[{"href":"https:\/\/efg-hohenahr.de\/www\/wp-json\/wp\/v2\/pages"}],"about":[{"href":"https:\/\/efg-hohenahr.de\/www\/wp-json\/wp\/v2\/types\/page"}],"author":[{"embeddable":true,"href":"https:\/\/efg-hohenahr.de\/www\/wp-json\/wp\/v2\/users\/1"}],"replies":[{"embeddable":true,"href":"https:\/\/efg-hohenahr.de\/www\/wp-json\/wp\/v2\/comments?post=135"}],"version-history":[{"count":1,"href":"https:\/\/efg-hohenahr.de\/www\/wp-json\/wp\/v2\/pages\/135\/revisions"}],"predecessor-version":[{"id":726,"href":"https:\/\/efg-hohenahr.de\/www\/wp-json\/wp\/v2\/pages\/135\/revisions\/726"}],"wp:attachment":[{"href":"https:\/\/efg-hohenahr.de\/www\/wp-json\/wp\/v2\/media?parent=135"}],"curies":[{"name":"wp","href":"https:\/\/api.w.org\/{rel}","templated":true}]}}